{"id":4370,"date":"2022-09-19T11:45:14","date_gmt":"2022-09-19T08:45:14","guid":{"rendered":"https:\/\/esotericelevation.medialuotsidemot.fi\/?page_id=4370"},"modified":"2025-06-04T13:06:49","modified_gmt":"2025-06-04T10:06:49","slug":"yhteystiedot","status":"publish","type":"page","link":"https:\/\/esotericelevation.medialuotsidemot.fi\/fi\/yhteystiedot\/","title":{"rendered":"Yhteystiedot"},"content":{"rendered":"\n<div class=\"wp-block-columns are-vertically-aligned-center roundedcorners has-background is-layout-flex wp-container-core-columns-is-layout-9d6595d7 wp-block-columns-is-layout-flex\" style=\"background:linear-gradient(180deg,rgb(255,243,220) 0%,rgb(255,255,255) 100%)\">\n<div class=\"wp-block-column is-vertically-aligned-center is-layout-flow wp-block-column-is-layout-flow\" style=\"flex-basis:66.66%\">\n<h2 class=\"wp-block-heading has-text-align-center\" style=\"margin-top:var(--wp--preset--spacing--50);margin-bottom:var(--wp--preset--spacing--60)\">Contact Esoteric Elevation by Cast<\/h2>\n\n\n\n<p class=\"has-text-align-center\" style=\"margin-top:var(--wp--preset--spacing--60);margin-bottom:var(--wp--preset--spacing--60)\">Ota yhteytt\u00e4 ja aloita matkasi kohti henkist\u00e4 kasvua ja voimaantumista. Olen t\u00e4\u00e4ll\u00e4 ohjaamassa sinua my\u00f6t\u00e4tunnolla ja oivalluksilla Esoteric Elevation by Cast -sivustolla Helsingiss\u00e4. Tavoitat minut tai voit seurata inspiraatiota:<br><br><strong>S\u00e4hk\u00f6posti:<\/strong> cast.elevation@gmail.com<br><strong>Instagram<\/strong>: cast.elevation<\/p>\n\n\n\n<p class=\"has-text-align-center\">Pysy inspiroituneena Instagramissa! Seuraa! Seuraa <a href=\"https:\/\/www.instagram.com\/cast.elevation\" title=\"\">@cast.elevation<\/a> p\u00e4ivitt\u00e4isten henkisten oivallusten, intuitiivisten vinkkien ja kohottavan energian saamiseksi.<\/p>\n\n\n\n<hr class=\"wp-block-separator has-alpha-channel-opacity\"\/>\n<\/div>\n\n\n\n<div class=\"wp-block-column is-vertically-aligned-center is-layout-flow wp-block-column-is-layout-flow\" style=\"flex-basis:33.33%\">\n<figure class=\"wp-block-image size-full\"><img loading=\"lazy\" decoding=\"async\" width=\"750\" height=\"937\" src=\"https:\/\/esotericelevation.medialuotsidemot.fi\/wp-content\/uploads\/2025\/04\/485712636-17960396075870334-3212546345409618335-n.jpg\" alt=\"\" class=\"wp-image-4566\" srcset=\"https:\/\/esotericelevation.medialuotsidemot.fi\/wp-content\/uploads\/2025\/04\/485712636-17960396075870334-3212546345409618335-n.jpg 750w, https:\/\/esotericelevation.medialuotsidemot.fi\/wp-content\/uploads\/2025\/04\/485712636-17960396075870334-3212546345409618335-n-240x300.jpg 240w\" sizes=\"auto, (max-width: 750px) 100vw, 750px\" \/><\/figure>\n<\/div>\n<\/div>\n\n\n\n<div class=\"wp-block-columns are-vertically-aligned-center roundedcorners has-background is-layout-flex wp-container-core-columns-is-layout-9d6595d7 wp-block-columns-is-layout-flex\" style=\"background:linear-gradient(180deg,rgb(255,243,220) 0%,rgb(255,255,255) 100%)\">\n<div class=\"wp-block-column is-vertically-aligned-center is-layout-flow wp-block-column-is-layout-flow\">\n<h2 class=\"wp-block-heading has-text-align-center\" style=\"margin-top:var(--wp--preset--spacing--50);margin-bottom:var(--wp--preset--spacing--60)\">Oletko valmis kohottamaan sieluasi?<\/h2>\n\n\n\n<p class=\"has-text-align-center\">Rakas sielu, ota ensimm\u00e4inen askel kohti selkeytt\u00e4 ja voimaantumista t\u00e4n\u00e4\u00e4n. Varaa tarot-lukusi, reiki-parannusistuntosi tai <br>henkisten kokemusten keskustelu nyt ja l\u00f6yd\u00e4 vastaukset, jotka odottavat sis\u00e4ll\u00e4si. L\u00e4het\u00e4 viesti osoitteeseen cast.elevation@gmail.com varataksesi aikasi.<\/p>\n\n\n\n<hr class=\"wp-block-separator has-alpha-channel-opacity is-style-koriste2\"\/>\n<\/div>\n<\/div>\n\n\n\n<p><\/p>\n","protected":false},"excerpt":{"rendered":"<p>Contact Esoteric Elevation by Cast Ota yhteytt\u00e4 ja aloita matkasi kohti henkist\u00e4 kasvua ja voimaantumista. Olen t\u00e4\u00e4ll\u00e4 ohjaamassa sinua my\u00f6t\u00e4tunnolla ja oivalluksilla Esoteric Elevation by Cast -sivustolla Helsingiss\u00e4. Tavoitat minut tai voit seurata inspiraatiota: S\u00e4hk\u00f6posti: cast.elevation@gmail.comInstagram: cast.elevation Pysy inspiroituneena Instagramissa! Seuraa! Seuraa @cast.elevation p\u00e4ivitt\u00e4isten henkisten oivallusten, intuitiivisten vinkkien ja kohottavan energian saamiseksi. Oletko valmis kohottamaan [&hellip;]<\/p>\n","protected":false},"author":1,"featured_media":0,"parent":0,"menu_order":10,"comment_status":"closed","ping_status":"closed","template":"","meta":{"_acf_changed":false,"footnotes":""},"class_list":["post-4370","page","type-page","status-publish","hentry"],"acf":[],"aioseo_notices":[],"_links":{"self":[{"href":"https:\/\/esotericelevation.medialuotsidemot.fi\/fi\/wp-json\/wp\/v2\/pages\/4370","targetHints":{"allow":["GET"]}}],"collection":[{"href":"https:\/\/esotericelevation.medialuotsidemot.fi\/fi\/wp-json\/wp\/v2\/pages"}],"about":[{"href":"https:\/\/esotericelevation.medialuotsidemot.fi\/fi\/wp-json\/wp\/v2\/types\/page"}],"author":[{"embeddable":true,"href":"https:\/\/esotericelevation.medialuotsidemot.fi\/fi\/wp-json\/wp\/v2\/users\/1"}],"replies":[{"embeddable":true,"href":"https:\/\/esotericelevation.medialuotsidemot.fi\/fi\/wp-json\/wp\/v2\/comments?post=4370"}],"version-history":[{"count":3,"href":"https:\/\/esotericelevation.medialuotsidemot.fi\/fi\/wp-json\/wp\/v2\/pages\/4370\/revisions"}],"predecessor-version":[{"id":4644,"href":"https:\/\/esotericelevation.medialuotsidemot.fi\/fi\/wp-json\/wp\/v2\/pages\/4370\/revisions\/4644"}],"wp:attachment":[{"href":"https:\/\/esotericelevation.medialuotsidemot.fi\/fi\/wp-json\/wp\/v2\/media?parent=4370"}],"curies":[{"name":"wp","href":"https:\/\/api.w.org\/{rel}","templated":true}]}}