{"id":4377,"date":"2025-03-27T11:47:50","date_gmt":"2025-03-27T09:47:50","guid":{"rendered":"https:\/\/esotericelevation.medialuotsidemot.fi\/?page_id=4377"},"modified":"2025-06-04T13:13:30","modified_gmt":"2025-06-04T10:13:30","slug":"reiki","status":"publish","type":"page","link":"https:\/\/esotericelevation.medialuotsidemot.fi\/fi\/reiki\/","title":{"rendered":"Reiki"},"content":{"rendered":"\r\n\r\n<section class=\"hero site-banner banner-bg-image section-default bottom alignfull image\">\r\n\r\n    <div class=\"site-banner-bg section-bg-image \" >\r\n\r\n        <img loading=\"lazy\" decoding=\"async\" width=\"2560\" height=\"1729\" src=\"https:\/\/esotericelevation.medialuotsidemot.fi\/wp-content\/uploads\/2025\/03\/shutterstock-2265278407-scaled.jpg\" class=\"attachment-1536\u00d71536 size-1536\u00d71536\" alt=\"\" srcset=\"https:\/\/esotericelevation.medialuotsidemot.fi\/wp-content\/uploads\/2025\/03\/shutterstock-2265278407-scaled.jpg 2560w, https:\/\/esotericelevation.medialuotsidemot.fi\/wp-content\/uploads\/2025\/03\/shutterstock-2265278407-300x203.jpg 300w, https:\/\/esotericelevation.medialuotsidemot.fi\/wp-content\/uploads\/2025\/03\/shutterstock-2265278407-1024x691.jpg 1024w, https:\/\/esotericelevation.medialuotsidemot.fi\/wp-content\/uploads\/2025\/03\/shutterstock-2265278407-768x519.jpg 768w, https:\/\/esotericelevation.medialuotsidemot.fi\/wp-content\/uploads\/2025\/03\/shutterstock-2265278407-1536x1037.jpg 1536w, https:\/\/esotericelevation.medialuotsidemot.fi\/wp-content\/uploads\/2025\/03\/shutterstock-2265278407-2048x1383.jpg 2048w\" sizes=\"auto, (max-width: 2560px) 100vw, 2560px\" \/>\r\n        \r\n            <div class=\"site-banner-content container\">\r\n                <div class=\"row w-100\">\r\n                    <div class=\"col-md-12 alignfull\">\r\n\r\n                        <h1 class=\"hero-title\">Reiki<\/h1><div class=\"inner-content\">\r\n                            <div class=\"acf-innerblocks-container\"><\/div>\r\n                        <\/div>                    <\/div>\r\n                <\/div>\r\n            <\/div>\r\n        \r\n        <\/div><\/section>\n\n<div class=\"image-and-text wp-block is-style-widebg has-media-on-the-left\">\r\n<div class=\"row\">\r\n    <div class=\"col-12 col-md-6 image-col\">\r\n\r\n        <img loading=\"lazy\" decoding=\"async\" width=\"640\" height=\"800\" src=\"https:\/\/esotericelevation.medialuotsidemot.fi\/wp-content\/uploads\/2025\/04\/469657829-1374582097038633-2486699154886655029-n.jpg\" class=\"attachment-large size-large\" alt=\"\" srcset=\"https:\/\/esotericelevation.medialuotsidemot.fi\/wp-content\/uploads\/2025\/04\/469657829-1374582097038633-2486699154886655029-n.jpg 640w, https:\/\/esotericelevation.medialuotsidemot.fi\/wp-content\/uploads\/2025\/04\/469657829-1374582097038633-2486699154886655029-n-240x300.jpg 240w\" sizes=\"auto, (max-width: 640px) 100vw, 640px\" \/>    <\/div>\r\n\r\n    <div class=\"col-12 col-md-6 text-col has-background has-yellow-background-color\"><div class=\"acf-innerblocks-container\">\n\n<h2 class=\"wp-block-heading\">Kuinka Reiki-hoito voi auttaa sinua?<\/h2>\n\n\n\n<p>Reiki on lempe\u00e4 ja muuntava k\u00e4yt\u00e4nt\u00f6, joka kanavoi universaalia el\u00e4m\u00e4nenergiaa edist\u00e4m\u00e4\u00e4n tasapainoa, rentoutumista ja kasvua. Reiki-hoitajana k\u00e4yt\u00e4n t\u00e4t\u00e4 parantavaa menetelm\u00e4\u00e4 ohjatakseni sinua kohti sis\u00e4ist\u00e4 rauhaa ja voimaantumista. N\u00e4in Reiki voi tukea sinua matkallasi:<\/p>\n\n\n\n<ul class=\"wp-block-list\">\n<li><strong>Palauta emotionaalinen tasapaino<br><\/strong>Reiki lievitt\u00e4\u00e4 myrskyisi\u00e4 tunteita, auttaen vapauttamaan stressi\u00e4, ahdistusta tai ylikuormitusta ja edist\u00e4en rauhaa ja selkeytt\u00e4.<\/li>\n\n\n\n<li><strong>Selkeyt\u00e4 mielen sumua<br><\/strong>Tuntuuko olo hajanaiseksi tai ep\u00e4varmaksi? Reiki vahvistaa mielen selkeytt\u00e4, auttaen n\u00e4kem\u00e4\u00e4n haasteet uusista n\u00e4k\u00f6kulmista ja tekem\u00e4\u00e4n p\u00e4\u00e4t\u00f6ksi\u00e4 luottavaisesti.<\/li>\n\n\n\n<li><strong>Tue p\u00e4\u00e4t\u00f6ksentekoa<\/strong><br>Tasapainottamalla energiasi Reiki auttaa sinua viritt\u00e4ytym\u00e4\u00e4n intuitioosi, valaisten parhaan polun eteenp\u00e4in ilman m\u00e4\u00e4r\u00e4ily\u00e4.<\/li>\n\n\n\n<li><strong>Yhdisty aitoon itseesi<br><\/strong>Reiki yhdist\u00e4\u00e4 sinut todellisiin toiveisiisi, ohjaten tekem\u00e4\u00e4n p\u00e4\u00e4t\u00f6ksi\u00e4, jotka kunnioittavat syd\u00e4nt\u00e4si ja korkeinta hyv\u00e4\u00e4si.<\/li>\n\n\n\n<li><strong>Syvenn\u00e4 ihmissuhteiden harmoniaa<br><\/strong>Reiki tasapainottaa ihmissuhteidesi energioita \u2013 romanttisia, perhesuhteita tai yst\u00e4vyyssuhteita \u2013 auttaen korjaamaan ep\u00e4tasapainoa ja edist\u00e4m\u00e4\u00e4n ymm\u00e4rryst\u00e4.<\/li>\n<\/ul>\n\n<\/div>\r\n<\/div>\r\n<\/div>\r\n<\/div>\n\n<div class=\"image-and-text wp-block notopmargin is-style-widebg has-media-on-the-right\">\r\n<div class=\"row\">\r\n    <div class=\"col-12 col-md-6 image-col\">\r\n\r\n        <img loading=\"lazy\" decoding=\"async\" width=\"640\" height=\"800\" src=\"https:\/\/esotericelevation.medialuotsidemot.fi\/wp-content\/uploads\/2025\/04\/469305455-902701118520357-8620519803571852346-n.jpg\" class=\"attachment-large size-large\" alt=\"\" srcset=\"https:\/\/esotericelevation.medialuotsidemot.fi\/wp-content\/uploads\/2025\/04\/469305455-902701118520357-8620519803571852346-n.jpg 640w, https:\/\/esotericelevation.medialuotsidemot.fi\/wp-content\/uploads\/2025\/04\/469305455-902701118520357-8620519803571852346-n-240x300.jpg 240w\" sizes=\"auto, (max-width: 640px) 100vw, 640px\" \/>    <\/div>\r\n\r\n    <div class=\"col-12 col-md-6 text-col has-background has-yellow-background-color\"><div class=\"acf-innerblocks-container\">\n\n<p><\/p>\n\n\n\n<ul class=\"wp-block-list\">\n<li><strong>Paranna viestint\u00e4\u00e4<\/strong><br>Puhdistamalla energiatukoksia Reiki rohkaisee aitoon itseilmaisuun, parantaen tapaasi yhdist\u00e4\u00e4 ja jakaa muiden kanssa.<\/li>\n\n\n\n<li><strong>Helpota el\u00e4m\u00e4n siirtymi\u00e4<\/strong><br>Uran vaihdoksista henkil\u00f6kohtaisiin menetyksiin Reiki tukee sinua muutoksissa, auttaen k\u00e4sittelem\u00e4\u00e4n tunteita ja l\u00f6yt\u00e4m\u00e4\u00e4n perustan ep\u00e4varmuuden keskell\u00e4.<\/li>\n\n\n\n<li><strong>Edist\u00e4 emotionaalista paranemista<br><\/strong>Reiki vapauttaa varastoituneita tunteita, kuten pelkoa, syyllisyytt\u00e4 tai surua, luoden tilaa paranemiselle, sululle ja uudelle sis\u00e4iselle rauhalle.<\/li>\n\n\n\n<li><strong>K\u00e4sittele haasteita helposti<\/strong><br>Kohtaatko esteit\u00e4? Reiki tarjoaa energiatukea, inspiroiden luovia ratkaisuja ja resilienssi\u00e4 ihmissuhteisiin, uraan tai henkil\u00f6kohtaiseen kasvuun.<\/li>\n\n\n\n<li><strong>Riko energiakaavoja<br><\/strong>Reiki paljastaa ja purkaa toistuvia syklej\u00e4 \u2013 kuten ep\u00e4terveit\u00e4 tapoja tai ihmissuhdedynamiikkoja \u2013 voimaannuttaen sinua tekem\u00e4\u00e4n tietoisia, positiivisia muutoksia.<\/li>\n\n\n\n<li><strong>Vahvista intuitiotasi<br><\/strong>Reiki syvent\u00e4\u00e4 yhteytt\u00e4si sis\u00e4iseen viisauteesi, auttaen luottamaan vaistoihisi ja navigoimaan el\u00e4m\u00e4ss\u00e4 suuremmalla itsevarmuudella.<\/li>\n\n\n\n<li><strong>Yhdisty sis\u00e4iseen energiaasi<br><\/strong>Reiki harmonisoi mielesi, kehosi ja henkesi, avaten alitajuisia oivalluksia ja edist\u00e4en kokonaisuuden ja elinvoiman tunnetta.<\/li>\n<\/ul>\n\n\n\n<hr class=\"wp-block-separator has-alpha-channel-opacity\"\/>\n\n<\/div>\r\n<\/div>\r\n<\/div>\r\n<\/div>\n\n\n<div class=\"wp-block-group alignfull has-white-background-color has-background is-layout-constrained wp-block-group-is-layout-constrained\" style=\"padding-top:var(--wp--preset--spacing--60);padding-bottom:var(--wp--preset--spacing--60)\">\n<div class=\"wp-block-columns is-style-narrow is-layout-flex wp-container-core-columns-is-layout-9d6595d7 wp-block-columns-is-layout-flex\">\n<div class=\"wp-block-column is-layout-flow wp-block-column-is-layout-flow\">\n<div class=\"wp-block-columns is-style-narrow is-layout-flex wp-container-core-columns-is-layout-51e0db86 wp-block-columns-is-layout-flex\" style=\"margin-bottom:-13rem;padding-top:var(--wp--preset--spacing--80);padding-bottom:0\">\n<div class=\"wp-block-column rounded-section-shadow has-white-background-color has-background is-layout-flow wp-block-column-is-layout-flow\" style=\"padding-top:var(--wp--preset--spacing--80);padding-right:var(--wp--preset--spacing--70);padding-bottom:var(--wp--preset--spacing--80);padding-left:var(--wp--preset--spacing--70)\">\n<h2 class=\"wp-block-heading has-text-align-center has-red-color has-text-color has-link-color wp-elements-c6737d1e24a37591b0df03f05b6d1015\">Reiki-investointi \/ Energiavaihto<\/h2>\n\n\n\n<p class=\"has-text-align-center has-black-color has-text-color has-link-color wp-elements-a1d995bd1c093a59e5d832ddd6d522ba\"><strong>1 istunto: 44 \u20ac (sis\u00e4lt\u00e4\u00e4 25,5 % Suomen ALV:n)<br>2 istuntoa: 77 \u20ac (sis\u00e4lt\u00e4\u00e4 25,5 % Suomen ALV:n)<br>3 istuntoa: 111 \u20ac (sis\u00e4lt\u00e4\u00e4 25,5 % Suomen ALV:n)<\/strong><\/p>\n\n\n\n<h2 class=\"wp-block-heading has-text-align-center has-red-color has-text-color has-link-color wp-elements-2f1836957fa51a9b179b642169d96560\">Oletko valmis omaksumaan sis\u00e4isen valosi?<\/h2>\n\n\n\n<p class=\"has-text-align-center has-black-color has-text-color has-link-color wp-elements-a1f960511945a0427e738cf8e90841cb\">Rakas sielu, astu parantavaan ja voimaannuttavaan tilaan t\u00e4n\u00e4\u00e4n. Varaa Reiki-istuntosi nyt ja l\u00f6yd\u00e4 uudelleen sis\u00e4ll\u00e4si oleva rauha ja voima. L\u00e4het\u00e4 viesti osoitteeseen <a href=\"mailto:cast.elevation@gmail.com\" title=\"\">cast.elevation@gmail.com<\/a> varataksesi aikasi.<\/p>\n<\/div>\n<\/div>\n<\/div>\n<\/div>\n<\/div>\n\n\n\n<div class=\"wp-block-cover is-light alignfull\" style=\"margin-bottom:0;padding-left:0;min-height:439px;aspect-ratio:unset;\"><img loading=\"lazy\" decoding=\"async\" width=\"1440\" height=\"444\" class=\"wp-block-cover__image-background wp-image-4305\" alt=\"\" src=\"https:\/\/esotericelevation.medialuotsidemot.fi\/wp-content\/uploads\/2025\/03\/shutterstock-2192714573-haivytyksella.png\" data-object-fit=\"cover\" srcset=\"https:\/\/esotericelevation.medialuotsidemot.fi\/wp-content\/uploads\/2025\/03\/shutterstock-2192714573-haivytyksella.png 1440w, https:\/\/esotericelevation.medialuotsidemot.fi\/wp-content\/uploads\/2025\/03\/shutterstock-2192714573-haivytyksella-300x93.png 300w, https:\/\/esotericelevation.medialuotsidemot.fi\/wp-content\/uploads\/2025\/03\/shutterstock-2192714573-haivytyksella-1024x316.png 1024w, https:\/\/esotericelevation.medialuotsidemot.fi\/wp-content\/uploads\/2025\/03\/shutterstock-2192714573-haivytyksella-768x237.png 768w\" sizes=\"auto, (max-width: 1440px) 100vw, 1440px\" \/><span aria-hidden=\"true\" class=\"wp-block-cover__background has-background-dim-0 has-background-dim\" style=\"background-color:#e2c495\"><\/span><div class=\"wp-block-cover__inner-container is-layout-flow wp-block-cover-is-layout-flow\">\n<p class=\"has-text-align-center has-large-font-size\"><\/p>\n<\/div><\/div>\n","protected":false},"excerpt":{"rendered":"<p>Reiki-investointi \/ Energiavaihto 1 istunto: 44 \u20ac (sis\u00e4lt\u00e4\u00e4 25,5 % Suomen ALV:n)2 istuntoa: 77 \u20ac (sis\u00e4lt\u00e4\u00e4 25,5 % Suomen ALV:n)3 istuntoa: 111 \u20ac (sis\u00e4lt\u00e4\u00e4 25,5 % Suomen ALV:n) Oletko valmis omaksumaan sis\u00e4isen valosi? Rakas sielu, astu parantavaan ja voimaannuttavaan tilaan t\u00e4n\u00e4\u00e4n. Varaa Reiki-istuntosi nyt ja l\u00f6yd\u00e4 uudelleen sis\u00e4ll\u00e4si oleva rauha ja voima. L\u00e4het\u00e4 viesti osoitteeseen [&hellip;]<\/p>\n","protected":false},"author":1,"featured_media":0,"parent":0,"menu_order":4,"comment_status":"closed","ping_status":"closed","template":"page copy.php","meta":{"_acf_changed":false,"footnotes":""},"class_list":["post-4377","page","type-page","status-publish","hentry"],"acf":[],"aioseo_notices":[],"_links":{"self":[{"href":"https:\/\/esotericelevation.medialuotsidemot.fi\/fi\/wp-json\/wp\/v2\/pages\/4377","targetHints":{"allow":["GET"]}}],"collection":[{"href":"https:\/\/esotericelevation.medialuotsidemot.fi\/fi\/wp-json\/wp\/v2\/pages"}],"about":[{"href":"https:\/\/esotericelevation.medialuotsidemot.fi\/fi\/wp-json\/wp\/v2\/types\/page"}],"author":[{"embeddable":true,"href":"https:\/\/esotericelevation.medialuotsidemot.fi\/fi\/wp-json\/wp\/v2\/users\/1"}],"replies":[{"embeddable":true,"href":"https:\/\/esotericelevation.medialuotsidemot.fi\/fi\/wp-json\/wp\/v2\/comments?post=4377"}],"version-history":[{"count":2,"href":"https:\/\/esotericelevation.medialuotsidemot.fi\/fi\/wp-json\/wp\/v2\/pages\/4377\/revisions"}],"predecessor-version":[{"id":4646,"href":"https:\/\/esotericelevation.medialuotsidemot.fi\/fi\/wp-json\/wp\/v2\/pages\/4377\/revisions\/4646"}],"wp:attachment":[{"href":"https:\/\/esotericelevation.medialuotsidemot.fi\/fi\/wp-json\/wp\/v2\/media?parent=4377"}],"curies":[{"name":"wp","href":"https:\/\/api.w.org\/{rel}","templated":true}]}}