{"id":4379,"date":"2025-03-27T11:47:16","date_gmt":"2025-03-27T09:47:16","guid":{"rendered":"https:\/\/esotericelevation.medialuotsidemot.fi\/?page_id=4379"},"modified":"2025-06-04T13:51:09","modified_gmt":"2025-06-04T10:51:09","slug":"tarot","status":"publish","type":"page","link":"https:\/\/esotericelevation.medialuotsidemot.fi\/fi\/tarot\/","title":{"rendered":"Tarot"},"content":{"rendered":"\r\n\r\n<section class=\"hero site-banner banner-bg-image section-default bottom alignfull image\">\r\n\r\n    <div class=\"site-banner-bg section-bg-image \" >\r\n\r\n        <img loading=\"lazy\" decoding=\"async\" width=\"1024\" height=\"1024\" src=\"https:\/\/esotericelevation.medialuotsidemot.fi\/wp-content\/uploads\/2025\/03\/image003.jpg\" class=\"attachment-1536\u00d71536 size-1536\u00d71536\" alt=\"\" srcset=\"https:\/\/esotericelevation.medialuotsidemot.fi\/wp-content\/uploads\/2025\/03\/image003.jpg 1024w, https:\/\/esotericelevation.medialuotsidemot.fi\/wp-content\/uploads\/2025\/03\/image003-300x300.jpg 300w, https:\/\/esotericelevation.medialuotsidemot.fi\/wp-content\/uploads\/2025\/03\/image003-150x150.jpg 150w, https:\/\/esotericelevation.medialuotsidemot.fi\/wp-content\/uploads\/2025\/03\/image003-768x768.jpg 768w\" sizes=\"auto, (max-width: 1024px) 100vw, 1024px\" \/>\r\n        \r\n            <div class=\"site-banner-content container\">\r\n                <div class=\"row w-100\">\r\n                    <div class=\"col-md-12 alignfull\">\r\n\r\n                        <h1 class=\"hero-title\">Tarot<\/h1><div class=\"inner-content\">\r\n                            <div class=\"acf-innerblocks-container\">\n\n<p><\/p>\n\n<\/div>\r\n                        <\/div>                    <\/div>\r\n                <\/div>\r\n            <\/div>\r\n        \r\n        <\/div><\/section>\n\n<div class=\"image-and-text wp-block is-style-widebg gradientstyle has-media-on-the-left\">\r\n<div class=\"row\">\r\n    <div class=\"col-12 col-md-6 image-col\">\r\n\r\n        <img loading=\"lazy\" decoding=\"async\" width=\"800\" height=\"800\" src=\"https:\/\/esotericelevation.medialuotsidemot.fi\/wp-content\/uploads\/2025\/04\/484879515-17959927232870334-8262529171555338024-n-1024x1024.jpg\" class=\"attachment-large size-large\" alt=\"\" srcset=\"https:\/\/esotericelevation.medialuotsidemot.fi\/wp-content\/uploads\/2025\/04\/484879515-17959927232870334-8262529171555338024-n-1024x1024.jpg 1024w, https:\/\/esotericelevation.medialuotsidemot.fi\/wp-content\/uploads\/2025\/04\/484879515-17959927232870334-8262529171555338024-n-300x300.jpg 300w, https:\/\/esotericelevation.medialuotsidemot.fi\/wp-content\/uploads\/2025\/04\/484879515-17959927232870334-8262529171555338024-n-150x150.jpg 150w, https:\/\/esotericelevation.medialuotsidemot.fi\/wp-content\/uploads\/2025\/04\/484879515-17959927232870334-8262529171555338024-n-768x768.jpg 768w, https:\/\/esotericelevation.medialuotsidemot.fi\/wp-content\/uploads\/2025\/04\/484879515-17959927232870334-8262529171555338024-n.jpg 1080w\" sizes=\"auto, (max-width: 800px) 100vw, 800px\" \/>    <\/div>\r\n\r\n    <div class=\"col-12 col-md-6 text-col has-background has-yellow-background-color\"><div class=\"acf-innerblocks-container\">\n\n<h2 class=\"wp-block-heading\">Mit\u00e4 tarot on?<\/h2>\n\n\n\n<p>Tarot on korttipakka, jota on perinteisesti k\u00e4ytetty ennustamiseen, itsereflektioon ja oivallusten saamiseen el\u00e4m\u00e4n eri osa-alueista. Tarot-luentojen avulla voidaan saada ohjausta henkil\u00f6kohtaisiin kysymyksiin, p\u00e4\u00e4t\u00f6ksiin ja tulevaisuuden mahdollisuuksiin tulkitsemalla korttien symboliikkaa.<\/p>\n\n\n\n<hr class=\"wp-block-separator has-alpha-channel-opacity is-style-koriste2\"\/>\n\n<\/div>\r\n<\/div>\r\n<\/div>\r\n<\/div>\n\n<div class=\"image-and-text wp-block is-style-widebg has-media-on-the-right\">\r\n<div class=\"row\">\r\n    <div class=\"col-12 col-md-6 image-col\">\r\n\r\n        <img loading=\"lazy\" decoding=\"async\" width=\"684\" height=\"1024\" src=\"https:\/\/esotericelevation.medialuotsidemot.fi\/wp-content\/uploads\/2025\/04\/pexels-cristian-rojas-8391594-684x1024.jpg\" class=\"attachment-large size-large\" alt=\"\" srcset=\"https:\/\/esotericelevation.medialuotsidemot.fi\/wp-content\/uploads\/2025\/04\/pexels-cristian-rojas-8391594-684x1024.jpg 684w, https:\/\/esotericelevation.medialuotsidemot.fi\/wp-content\/uploads\/2025\/04\/pexels-cristian-rojas-8391594-200x300.jpg 200w, https:\/\/esotericelevation.medialuotsidemot.fi\/wp-content\/uploads\/2025\/04\/pexels-cristian-rojas-8391594-768x1150.jpg 768w, https:\/\/esotericelevation.medialuotsidemot.fi\/wp-content\/uploads\/2025\/04\/pexels-cristian-rojas-8391594-1026x1536.jpg 1026w, https:\/\/esotericelevation.medialuotsidemot.fi\/wp-content\/uploads\/2025\/04\/pexels-cristian-rojas-8391594-1368x2048.jpg 1368w, https:\/\/esotericelevation.medialuotsidemot.fi\/wp-content\/uploads\/2025\/04\/pexels-cristian-rojas-8391594-scaled.jpg 1710w\" sizes=\"auto, (max-width: 684px) 100vw, 684px\" \/>    <\/div>\r\n\r\n    <div class=\"col-12 col-md-6 text-col has-background has-yellow-background-color\"><div class=\"acf-innerblocks-container\">\n\n<h2 class=\"wp-block-heading\">Lyhyt historia tarotista<\/h2>\n\n\n\n<p>Tarotin historia on kiehtova ja yhdist\u00e4\u00e4 mystiikkaa, taidetta ja kulttuuria. Vanhimmat tunnetut tarotkortit uskotaan olevan per\u00e4isin Italiasta my\u00f6h\u00e4iselt\u00e4 1300-luvulta tai varhaiselta 1400-luvulta. N\u00e4m\u00e4 varhaiset pakat eiv\u00e4t olleet ennustamista varten, vaan niit\u00e4 k\u00e4ytettiin tarocchi-nimiseen peliin, joka muistutti nykyaikaista bridgen tai vistin kaltaista korttipeli\u00e4. Kortit kehittyiv\u00e4t todenn\u00e4k\u00f6isesti aiemmista pelikorteista, joita tuotiin Eurooppaan islamilaisesta maailmasta 1300-luvun aikana, mahdollisesti kauppareittien kautta.<br><\/p>\n\n\n\n<p>Tarotin yhdist\u00e4minen mystiikkaan ja ennustamiseen alkoi kunnolla vasta 1700-luvulla. Kortit liitettiin muinaiseen egyptil\u00e4iseen symboliikkaan ja Kabbalaan, juutalaiseen mystiseen perinteeseen. N\u00e4it\u00e4 ajatuksia teki tunnetuksi muun muassa Antoine Court de G\u00e9belin, joka v\u00e4itti tarotin olevan muinainen salainen tietoj\u00e4rjestelm\u00e4, jonka egyptil\u00e4iset ja kiert\u00e4v\u00e4t mustalaiset olivat v\u00e4litt\u00e4neet eteenp\u00e4in. T\u00e4h\u00e4n p\u00e4iv\u00e4\u00e4n saakka tarotin alkuper\u00e4 on pysynyt mysteerin\u00e4, ja se on ollut kiinnostuksen kohteena my\u00f6s akateemisessa tutkimuksessa. Kun n\u00e4it\u00e4 kerroksia tarkastellaan syvemmin, tarot n\u00e4hd\u00e4\u00e4n yh\u00e4 enemm\u00e4n paitsi mystisen\u00e4 tai okkulttisena k\u00e4yt\u00e4nt\u00f6n\u00e4, my\u00f6s ihmiskokemuksen peilin\u00e4, joka tutkii kohtalon, tietoisuuden ja itsetuntemuksen v\u00e4list\u00e4 vuorovaikutusta.<\/p>\n\n\n\n<hr class=\"wp-block-separator has-alpha-channel-opacity is-style-koriste2\"\/>\n\n<\/div>\r\n<\/div>\r\n<\/div>\r\n<\/div>\n\n<div class=\"image-and-text wp-block is-style-widebg has-media-on-the-left\">\r\n<div class=\"row\">\r\n    <div class=\"col-12 col-md-6 image-col\">\r\n\r\n        <img loading=\"lazy\" decoding=\"async\" width=\"800\" height=\"1000\" src=\"https:\/\/esotericelevation.medialuotsidemot.fi\/wp-content\/uploads\/2025\/04\/491416663-17962570439870334-5266462876328658596-n-819x1024.jpg\" class=\"attachment-large size-large\" alt=\"\" srcset=\"https:\/\/esotericelevation.medialuotsidemot.fi\/wp-content\/uploads\/2025\/04\/491416663-17962570439870334-5266462876328658596-n-819x1024.jpg 819w, https:\/\/esotericelevation.medialuotsidemot.fi\/wp-content\/uploads\/2025\/04\/491416663-17962570439870334-5266462876328658596-n-240x300.jpg 240w, https:\/\/esotericelevation.medialuotsidemot.fi\/wp-content\/uploads\/2025\/04\/491416663-17962570439870334-5266462876328658596-n-768x960.jpg 768w, https:\/\/esotericelevation.medialuotsidemot.fi\/wp-content\/uploads\/2025\/04\/491416663-17962570439870334-5266462876328658596-n.jpg 1080w\" sizes=\"auto, (max-width: 800px) 100vw, 800px\" \/>    <\/div>\r\n\r\n    <div class=\"col-12 col-md-6 text-col has-background has-yellow-background-color\"><div class=\"acf-innerblocks-container\">\n\n<h2 class=\"wp-block-heading\">Kuinka Tarot voi auttaa minua?<\/h2>\n\n\n\n<p><\/p>\n\n\n\n<p>Tarot-lukeminen on muuntava k\u00e4yt\u00e4nt\u00f6, joka tarjoaa oivalluksia, selkeytt\u00e4 ja kasvua. Tarot-lukijana k\u00e4yt\u00e4n kortteja ty\u00f6kaluna ohjatakseni sinua kohti itsetuntemusta ja voimaantumista. N\u00e4in tarot voi tukea sinua matkallasi:<\/p>\n\n\n\n<ul class=\"wp-block-list\">\n<li><strong>Selkeyt\u00e4 ajatuksia ja tunteita<br><\/strong>Tarot paljastaa piilotettuja toiveita, tunteita ja motivaatioita, auttaen ymm\u00e4rt\u00e4m\u00e4\u00e4n, mik\u00e4 ohjaa tekojasi ja p\u00e4\u00e4t\u00f6ksi\u00e4si.<\/li>\n\n\n\n<li><strong>Navigoi sekavuutta uusilla n\u00e4k\u00f6kulmilla<br><\/strong>Tuntuuko olo jumittuneelta tai ep\u00e4varmalta? Tarotin el\u00e4v\u00e4 kuvitus ja symboliikka rohkaisevat n\u00e4kem\u00e4\u00e4n tilanteet uusista kulmista, selkeytt\u00e4en monimutkaisia tunteita tai valintoja.<\/li>\n\n\n\n<li><strong>Tue p\u00e4\u00e4t\u00f6ksentekoa<br><\/strong>Tarot ei sanele vastauksia, vaan valaisee vaihtoehtojesi mahdollisia lopputuloksia, auttaen punnitsemaan hyvi\u00e4 ja huonoja puolia sek\u00e4 tunnevaikutuksia luottavaisesti.<\/li>\n\n\n\n<li><strong>Yhdisty todellisiin aikomuksiisi<br><\/strong>Keskittym\u00e4ll\u00e4 tiettyyn kysymykseen tarot paljastaa, mit\u00e4 todella haluat \u2013 ei sit\u00e4, mit\u00e4 luulet, ett\u00e4 sinun pit\u00e4isi haluta \u2013 ohjaten valintoihin, jotka kunnioittavat aitoa itse\u00e4si.<\/li>\n\n\n\n<li><strong>Syvenn\u00e4 ihmissuhdeymm\u00e4ryst\u00e4<br><\/strong>Tutki romanttisten, perhesuhteiden tai yst\u00e4vyyssuhteiden dynamiikkaa. Tarot korostaa ep\u00e4tasapainoa, v\u00e4\u00e4rink\u00e4sityksi\u00e4 tai energioita, jotka kaipaavat huomiota.<\/li>\n<\/ul>\n\n<\/div>\r\n<\/div>\r\n<\/div>\r\n<\/div>\n\n<div class=\"image-and-text wp-block is-style-widebg notopmargin has-media-on-the-right\">\r\n<div class=\"row\">\r\n    <div class=\"col-12 col-md-6 image-col\">\r\n\r\n        <img loading=\"lazy\" decoding=\"async\" width=\"750\" height=\"938\" src=\"https:\/\/esotericelevation.medialuotsidemot.fi\/wp-content\/uploads\/2025\/04\/491443588-17963685830870334-3698518224759750377-n.jpg\" class=\"attachment-large size-large\" alt=\"\" srcset=\"https:\/\/esotericelevation.medialuotsidemot.fi\/wp-content\/uploads\/2025\/04\/491443588-17963685830870334-3698518224759750377-n.jpg 750w, https:\/\/esotericelevation.medialuotsidemot.fi\/wp-content\/uploads\/2025\/04\/491443588-17963685830870334-3698518224759750377-n-240x300.jpg 240w\" sizes=\"auto, (max-width: 750px) 100vw, 750px\" \/>    <\/div>\r\n\r\n    <div class=\"col-12 col-md-6 text-col has-background has-yellow-background-color\"><div class=\"acf-innerblocks-container\">\n\n<ul class=\"wp-block-list\">\n<li><strong>Paranna viestint\u00e4\u00e4<br><\/strong>Pohdi, miten ilmaiset tarpeitasi ja yhdistyt muihin, edist\u00e4en aitoa ja merkityksellist\u00e4 vuorovaikutusta.<\/li>\n\n\n\n<li><strong>Navigoi el\u00e4m\u00e4n siirtymi\u00e4<br><\/strong>Eroista uranvaihdoksiin tai henkil\u00f6kohtaisiin menetyksiin tarot auttaa k\u00e4sittelem\u00e4\u00e4n tunteita, omaksumaan ep\u00e4varmuuden ja l\u00f6yt\u00e4m\u00e4\u00e4n suunnan muutosten keskell\u00e4.<\/li>\n\n\n\n<li><strong>Edist\u00e4 emotionaalista paranemista<br><\/strong>Erityiset tarot-jakotavut ohjaavat sinua menneiden haavojen l\u00e4pi, tarjoten sulkua ja auttaen vapauttamaan negatiivisia tunteita, kuten syyllisyytt\u00e4 tai pelkoa, kohti suurempaa rauhaa.<\/li>\n\n\n\n<li><strong>Ratkaise ongelmia uusilla ideoilla<br><\/strong>Kohtaatko haasteen? Tarot tarjoaa luovia ratkaisuja, tuoreita n\u00e4k\u00f6kulmia ja k\u00e4yt\u00e4nn\u00f6n ohjausta ihmissuhteisiin, urap\u00e4\u00e4t\u00f6ksiin tai henkil\u00f6kohtaiseen kasvuun.<\/li>\n\n\n\n<li><strong>Riko ep\u00e4terveit\u00e4 kaavoja<br><\/strong>Tarot korostaa el\u00e4m\u00e4si toistuvia teemoja \u2013 kuten ihmissuhteita tai tapoja \u2013 voimaannuttaen sinua tunnistamaan ja muuttamaan negatiivisia syklej\u00e4.<\/li>\n\n\n\n<li><strong>Vahvista intuitiotasi<br><\/strong>Tarot-korttien tulkitseminen hioo intuitiivisia kykyj\u00e4si, auttaen luottamaan sis\u00e4iseen viisauteesi ja yhdistym\u00e4\u00e4n syvemmin vaistoihisi.<\/li>\n\n\n\n<li><strong>Yhdisty alitajuntaasi<br><\/strong>Tarot rakentaa sillan tietoisen ja alitajuisen mielesi v\u00e4lille, tuoden piilotettuja oivalluksia esiin kohti kokonaisvaltaisempaa, voimaantunutta el\u00e4m\u00e4\u00e4.<br><br><\/li>\n<\/ul>\n\n\n\n<hr class=\"wp-block-separator has-alpha-channel-opacity is-style-koriste2\"\/>\n\n<\/div>\r\n<\/div>\r\n<\/div>\r\n<\/div>\n\n<div class=\"image-and-text wp-block is-style-widebg has-media-on-the-left\">\r\n<div class=\"row\">\r\n    <div class=\"col-12 col-md-6 image-col\">\r\n\r\n        <img loading=\"lazy\" decoding=\"async\" width=\"640\" height=\"578\" src=\"https:\/\/esotericelevation.medialuotsidemot.fi\/wp-content\/uploads\/2025\/04\/469721311-599125712634827-8982766738557603265-n.jpg\" class=\"attachment-large size-large\" alt=\"\" srcset=\"https:\/\/esotericelevation.medialuotsidemot.fi\/wp-content\/uploads\/2025\/04\/469721311-599125712634827-8982766738557603265-n.jpg 640w, https:\/\/esotericelevation.medialuotsidemot.fi\/wp-content\/uploads\/2025\/04\/469721311-599125712634827-8982766738557603265-n-300x271.jpg 300w\" sizes=\"auto, (max-width: 640px) 100vw, 640px\" \/>    <\/div>\r\n\r\n    <div class=\"col-12 col-md-6 text-col has-background has-yellow-background-color\"><div class=\"acf-innerblocks-container\">\n\n<h2 class=\"wp-block-heading\">Tarot ty\u00f6kaluna ja menetelm\u00e4n\u00e4<\/h2>\n\n\n\n<p>Monille ihmisille, kuten minulle itselleni, tarot on henkinen harjoitus, jota k\u00e4yt\u00e4n ty\u00f6kaluna saadakseni syvemp\u00e4\u00e4 ymm\u00e4rryst\u00e4 k\u00e4yt\u00e4nn\u00f6ss\u00e4 mist\u00e4 tahansa. Kortit tarjoavat minulle yhteyden korkeampaan viisauteen ja ohjaukseen, joka voi olla v\u00e4hint\u00e4\u00e4nkin lohdullista ja silmi\u00e4 avaavaa. Samoin kuin meditaation, syv\u00e4n itsetutkiskelun tai kirjoittamisen kautta, tarot voi auttaa sinua p\u00e4\u00e4sem\u00e4\u00e4n syvemm\u00e4lle intuitioosi tai yhdist\u00e4m\u00e4\u00e4n sinut henkisiin oppaisiin ja universaaleihin voimiin, jotka ymp\u00e4r\u00f6iv\u00e4t meit\u00e4 kaikkia. Kortit voivat heijastaa omaa polkuasi tai toimia v\u00e4lineen\u00e4 sielusi tarkoitukseen liittyvien kysymysten esitt\u00e4misess\u00e4. Tarot-luenta voi toimia peilin\u00e4, joka heijastaa sis\u00e4ist\u00e4 viisauttasi ja vahvuuksiasi. Usein luennat vahvistavat ominaisuuksia ja kykyj\u00e4, jotka saatat syv\u00e4ll\u00e4 sisimm\u00e4ss\u00e4si tiet\u00e4\u00e4, mutta joita et ole ehk\u00e4 t\u00e4ysin tunnistanut itsess\u00e4si \u2014 ja t\u00e4m\u00e4 voi antaa voimaa toimia tai tehd\u00e4 valintoja, jotka ovat aidosti linjassa todellisen itsesi kanssa.<br><\/p>\n\n\n\n<p>Tavoitteeni lukijanasi on, ett\u00e4 tunnet olosi luennan j\u00e4lkeen itsevarmemmaksi, inspiroituneemmaksi ja paremmin varustautuneeksi oman suuntasi suhteen. Vaikka tarot ei ole mik\u00e4\u00e4n taikajuoma, joka ratkaisee kaikki el\u00e4m\u00e4n ongelmat, se voi ehdottomasti auttaa sinua saamaan syvemp\u00e4\u00e4 ymm\u00e4rryst\u00e4 itsest\u00e4si, ihmissuhteistasi ja el\u00e4m\u00e4si valinnoista, riippuen tietenkin kysymyksest\u00e4si.<br><\/p>\n\n\n\n<hr class=\"wp-block-separator has-alpha-channel-opacity is-style-koriste2\"\/>\n\n<\/div>\r\n<\/div>\r\n<\/div>\r\n<\/div>\n\n<div class=\"image-and-text wp-block is-style-widebg has-media-on-the-right\">\r\n<div class=\"row\">\r\n    <div class=\"col-12 col-md-6 image-col\">\r\n\r\n        <img loading=\"lazy\" decoding=\"async\" width=\"750\" height=\"937\" src=\"https:\/\/esotericelevation.medialuotsidemot.fi\/wp-content\/uploads\/2025\/04\/491416164-17963685839870334-1644759683497411911-n.jpg\" class=\"attachment-large size-large\" alt=\"\" srcset=\"https:\/\/esotericelevation.medialuotsidemot.fi\/wp-content\/uploads\/2025\/04\/491416164-17963685839870334-1644759683497411911-n.jpg 750w, https:\/\/esotericelevation.medialuotsidemot.fi\/wp-content\/uploads\/2025\/04\/491416164-17963685839870334-1644759683497411911-n-240x300.jpg 240w\" sizes=\"auto, (max-width: 750px) 100vw, 750px\" \/>    <\/div>\r\n\r\n    <div class=\"col-12 col-md-6 text-col has-background has-yellow-background-color\"><div class=\"acf-innerblocks-container\">\n\n<h2 class=\"wp-block-heading\">Tarot-pakkani tarina<\/h2>\n\n\n\n<p>Ensimm\u00e4inen koskaan omistamani ja yh\u00e4 rakkain tarot-pakkani on Thoth-tarot, jonka loi Aleister Crowley ja jonka kuvitti Lady Frieda Harris 1940-luvulla. T\u00e4m\u00e4 pakka yhdist\u00e4\u00e4 okkultistista symboliikkaa, esoteerista filosofiaa, alkemiaa ja astrologiaa tarotin perinteiseen rakenteeseen, ja sit\u00e4 pidet\u00e4\u00e4n yhten\u00e4 maailman vaikutusvaltaisimmista ja monimutkaisimmista tarot-pakoista. Rakastuin siihen ensisilm\u00e4yksell\u00e4, ja vaikka olen vuosien varrella kokeillut monia muitakin pakkoja, k\u00e4yt\u00e4n t\u00e4t\u00e4 pakkaa kaikissa luennoissani muille.<\/p>\n\n\n\n<p>Riippuen kysymyksest\u00e4, saatan lis\u00e4t\u00e4 luentaan my\u00f6s enkeli- tai oraakkelikortteja tai jopa kristalleja saadakseni lis\u00e4\u00e4 syvyytt\u00e4 ja n\u00e4k\u00f6kulmaa. Luentatyylini on sek\u00e4 intuitiivinen ett\u00e4 analyyttinen. Thoth-pakka rohkaisee minua tulkitsemaan korttien kuvia paitsi perinteisen tarot-tiedon kautta my\u00f6s Crowleyn esoteerisen j\u00e4rjestelm\u00e4n n\u00e4k\u00f6kulmasta, mik\u00e4 edellytt\u00e4\u00e4 astrologian, Kabbalan ja monien muiden okkulttisten oppien tuntemusta. T\u00e4m\u00e4n pakan korttien kerroksellisuus on henke\u00e4salpaavan kaunista ja loputonta. Kortit auttavat minua usein yhdistym\u00e4\u00e4n selv\u00e4tietoisuuteeni eli kykyyni vastaanottaa tietoa selke\u00e4n tiedon kautta ilman loogista selityst\u00e4.<br><br><\/p>\n\n\n\n<hr class=\"wp-block-separator has-alpha-channel-opacity is-style-koriste2\"\/>\n\n<\/div>\r\n<\/div>\r\n<\/div>\r\n<\/div>\n\n<div class=\"image-and-text wp-block is-style-widebg has-media-on-the-left\">\r\n<div class=\"row\">\r\n    <div class=\"col-12 col-md-6 image-col\">\r\n\r\n        <img loading=\"lazy\" decoding=\"async\" width=\"683\" height=\"1024\" src=\"https:\/\/esotericelevation.medialuotsidemot.fi\/wp-content\/uploads\/2025\/04\/pexels-danielle-rangel-342268-3363695-683x1024.jpg\" class=\"attachment-large size-large\" alt=\"\" srcset=\"https:\/\/esotericelevation.medialuotsidemot.fi\/wp-content\/uploads\/2025\/04\/pexels-danielle-rangel-342268-3363695-683x1024.jpg 683w, https:\/\/esotericelevation.medialuotsidemot.fi\/wp-content\/uploads\/2025\/04\/pexels-danielle-rangel-342268-3363695-200x300.jpg 200w, https:\/\/esotericelevation.medialuotsidemot.fi\/wp-content\/uploads\/2025\/04\/pexels-danielle-rangel-342268-3363695-768x1152.jpg 768w, https:\/\/esotericelevation.medialuotsidemot.fi\/wp-content\/uploads\/2025\/04\/pexels-danielle-rangel-342268-3363695-1024x1536.jpg 1024w, https:\/\/esotericelevation.medialuotsidemot.fi\/wp-content\/uploads\/2025\/04\/pexels-danielle-rangel-342268-3363695-1365x2048.jpg 1365w, https:\/\/esotericelevation.medialuotsidemot.fi\/wp-content\/uploads\/2025\/04\/pexels-danielle-rangel-342268-3363695-scaled.jpg 1707w\" sizes=\"auto, (max-width: 683px) 100vw, 683px\" \/>    <\/div>\r\n\r\n    <div class=\"col-12 col-md-6 text-col has-background has-yellow-background-color\"><div class=\"acf-innerblocks-container\">\n\n<h2 class=\"wp-block-heading\">Mist\u00e4 tarot-luennassa on kyse<\/h2>\n\n\n\n<p>T\u00e4ll\u00e4 hetkell\u00e4 tarjoan erilaisia tarot-luentapaketteja, jotka voit ostaa suoraan t\u00e4m\u00e4n verkkosivuston kautta. Kaikki luentani tehd\u00e4\u00e4n et\u00e4n\u00e4 ja toimitan sinulle viestit WhatsAppin kautta tai muulla tavalla, jos niin toivot. Voit esitt\u00e4\u00e4 1, 2 tai enint\u00e4\u00e4n 3 erillist\u00e4 kysymyst\u00e4, joihin kaikkiin vastaan yksitellen ennen siirtymist\u00e4 seuraavaan. Vastaukset toimitetaan sinulle videoiden, kuvien, \u00e4\u00e4niviestien ja tekstin muodossa, jotta sinulle j\u00e4\u00e4 muistij\u00e4lki ja selke\u00e4 ymm\u00e4rrys korteista ja niiden viestist\u00e4. On havaittu hy\u00f6dylliseksi tehd\u00e4 omia muistiinpanoja j\u00e4lkeenp\u00e4in ja palata niihin tai viesteihini silloin kun silt\u00e4 tuntuu.<\/p>\n\n\n\n<p><\/p>\n\n\n\n<p>Olen aiemmin tehnyt henkil\u00f6kohtaisia, kasvokkain tapahtuvia luentoja, mutta huomasin, ett\u00e4 hetkeen vaikuttaa moni asia, ja joskus olennaisia viestej\u00e4 voi j\u00e4\u00e4d\u00e4 sanomatta.. Lis\u00e4ksi monesti kysyj\u00e4 voi olla hermostunut eik\u00e4 v\u00e4ltt\u00e4m\u00e4tt\u00e4 muista kunnolla mit\u00e4 luennossa sanottiin. Koska viritt\u00e4ydyn luentojen aikana universaaliin energiaan, toimin silloin vain kanavana. Siksi on parhaaksi ett\u00e4 toimitan viestit sinulle tavalla, jossa voit kuunnella, lukea ja katsoa ne rauhassa omassa ajassasi ja omassa tilassasi. Olen saanut t\u00e4st\u00e4 paljon hyv\u00e4\u00e4 palautetta.<\/p>\n\n<\/div>\r\n<\/div>\r\n<\/div>\r\n<\/div>\n\n\n<div class=\"wp-block-group alignfull has-white-background-color has-background is-layout-constrained wp-block-group-is-layout-constrained\" style=\"padding-top:var(--wp--preset--spacing--60);padding-bottom:var(--wp--preset--spacing--60)\">\n<div class=\"wp-block-columns is-style-narrow is-layout-flex wp-container-core-columns-is-layout-9d6595d7 wp-block-columns-is-layout-flex\">\n<div class=\"wp-block-column is-layout-flow wp-block-column-is-layout-flow\">\n<div class=\"wp-block-columns is-style-narrow is-layout-flex wp-container-core-columns-is-layout-51e0db86 wp-block-columns-is-layout-flex\" style=\"margin-bottom:-13rem;padding-top:var(--wp--preset--spacing--80);padding-bottom:0\">\n<div class=\"wp-block-column rounded-section-shadow has-white-background-color has-background is-layout-flow wp-block-column-is-layout-flow\" style=\"padding-top:var(--wp--preset--spacing--80);padding-right:var(--wp--preset--spacing--70);padding-bottom:var(--wp--preset--spacing--80);padding-left:var(--wp--preset--spacing--70)\">\n<h2 class=\"wp-block-heading has-text-align-center has-red-color has-text-color has-link-color wp-elements-4472150540dd26ac7794a64e79ae8f11\">Tarot-investointi \/ Energiavaihto<\/h2>\n\n\n\n<p class=\"has-text-align-center has-black-color has-text-color has-link-color wp-elements-a0358e6e674bba588bc8daf0d4025861\"><strong>1 kysymys: 44 \u20ac (sis\u00e4lt\u00e4\u00e4 25,5 % Suomen ALV:n)<br>2 kysymyst\u00e4: 77 \u20ac (sis\u00e4lt\u00e4\u00e4 25,5 % Suomen ALV:n)<br>3 kysymyst\u00e4: 111 \u20ac (sis\u00e4lt\u00e4\u00e4 25,5 % Suomen ALV:n)<\/strong><\/p>\n\n\n\n<h2 class=\"wp-block-heading has-text-align-center has-red-color has-text-color has-link-color wp-elements-6518781988bf9552dea1b94c36b9f5ea\">Oletko valmis avaamaan sis\u00e4isen viisautesi?<\/h2>\n\n\n\n<p class=\"has-text-align-center has-black-color has-text-color has-link-color wp-elements-91a98e36a80417cc367e6eedc517f5ba\">Rakas sielu, ota ensimm\u00e4inen askel kohti selkeytt\u00e4 ja voimaantumista t\u00e4n\u00e4\u00e4n. Varaa tarot-lukemisesi nyt ja l\u00f6yd\u00e4 vastaukset, jotka odottavat sis\u00e4ll\u00e4si. L\u00e4het\u00e4 viesti osoitteeseen <a href=\"mailto:cast.elevation@gmail.com\" title=\"\">cast.elevation@gmail.com<\/a> varataksesi aikasi.<\/p>\n<\/div>\n<\/div>\n<\/div>\n<\/div>\n<\/div>\n\n\n\n<div class=\"wp-block-cover is-light alignfull\" style=\"margin-bottom:0;padding-left:0;min-height:439px;aspect-ratio:unset;\"><img loading=\"lazy\" decoding=\"async\" width=\"1440\" height=\"444\" class=\"wp-block-cover__image-background wp-image-4305\" alt=\"\" src=\"https:\/\/esotericelevation.medialuotsidemot.fi\/wp-content\/uploads\/2025\/03\/shutterstock-2192714573-haivytyksella.png\" data-object-fit=\"cover\" srcset=\"https:\/\/esotericelevation.medialuotsidemot.fi\/wp-content\/uploads\/2025\/03\/shutterstock-2192714573-haivytyksella.png 1440w, https:\/\/esotericelevation.medialuotsidemot.fi\/wp-content\/uploads\/2025\/03\/shutterstock-2192714573-haivytyksella-300x93.png 300w, https:\/\/esotericelevation.medialuotsidemot.fi\/wp-content\/uploads\/2025\/03\/shutterstock-2192714573-haivytyksella-1024x316.png 1024w, https:\/\/esotericelevation.medialuotsidemot.fi\/wp-content\/uploads\/2025\/03\/shutterstock-2192714573-haivytyksella-768x237.png 768w\" sizes=\"auto, (max-width: 1440px) 100vw, 1440px\" \/><span aria-hidden=\"true\" class=\"wp-block-cover__background has-background-dim-0 has-background-dim\" style=\"background-color:#e2c495\"><\/span><div class=\"wp-block-cover__inner-container is-layout-flow wp-block-cover-is-layout-flow\">\n<p class=\"has-text-align-center has-large-font-size\"><\/p>\n<\/div><\/div>\n","protected":false},"excerpt":{"rendered":"<p>Tarot-investointi \/ Energiavaihto 1 kysymys: 44 \u20ac (sis\u00e4lt\u00e4\u00e4 25,5 % Suomen ALV:n)2 kysymyst\u00e4: 77 \u20ac (sis\u00e4lt\u00e4\u00e4 25,5 % Suomen ALV:n)3 kysymyst\u00e4: 111 \u20ac (sis\u00e4lt\u00e4\u00e4 25,5 % Suomen ALV:n) Oletko valmis avaamaan sis\u00e4isen viisautesi? Rakas sielu, ota ensimm\u00e4inen askel kohti selkeytt\u00e4 ja voimaantumista t\u00e4n\u00e4\u00e4n. Varaa tarot-lukemisesi nyt ja l\u00f6yd\u00e4 vastaukset, jotka odottavat sis\u00e4ll\u00e4si. L\u00e4het\u00e4 viesti osoitteeseen [&hellip;]<\/p>\n","protected":false},"author":1,"featured_media":0,"parent":0,"menu_order":3,"comment_status":"closed","ping_status":"closed","template":"page copy.php","meta":{"_acf_changed":false,"footnotes":""},"class_list":["post-4379","page","type-page","status-publish","hentry"],"acf":[],"aioseo_notices":[],"_links":{"self":[{"href":"https:\/\/esotericelevation.medialuotsidemot.fi\/fi\/wp-json\/wp\/v2\/pages\/4379","targetHints":{"allow":["GET"]}}],"collection":[{"href":"https:\/\/esotericelevation.medialuotsidemot.fi\/fi\/wp-json\/wp\/v2\/pages"}],"about":[{"href":"https:\/\/esotericelevation.medialuotsidemot.fi\/fi\/wp-json\/wp\/v2\/types\/page"}],"author":[{"embeddable":true,"href":"https:\/\/esotericelevation.medialuotsidemot.fi\/fi\/wp-json\/wp\/v2\/users\/1"}],"replies":[{"embeddable":true,"href":"https:\/\/esotericelevation.medialuotsidemot.fi\/fi\/wp-json\/wp\/v2\/comments?post=4379"}],"version-history":[{"count":5,"href":"https:\/\/esotericelevation.medialuotsidemot.fi\/fi\/wp-json\/wp\/v2\/pages\/4379\/revisions"}],"predecessor-version":[{"id":4655,"href":"https:\/\/esotericelevation.medialuotsidemot.fi\/fi\/wp-json\/wp\/v2\/pages\/4379\/revisions\/4655"}],"wp:attachment":[{"href":"https:\/\/esotericelevation.medialuotsidemot.fi\/fi\/wp-json\/wp\/v2\/media?parent=4379"}],"curies":[{"name":"wp","href":"https:\/\/api.w.org\/{rel}","templated":true}]}}